{"id":1711,"date":"2020-10-02T13:44:19","date_gmt":"2021-12-17T11:57:06","guid":{"rendered":"https:\/\/www.medicafix.com\/product\/agrafli-bel-ayak-bilegi-destekli-liposuction-korse-ref126\/"},"modified":"2021-12-17T11:57:06","modified_gmt":"2021-12-17T11:57:06","slug":"agrafli-bel-ayak-bilegi-destekli-liposuction-korse-ref126","status":"publish","type":"product","link":"https:\/\/www.medicafix.com\/tr\/urun\/agrafli-bel-ayak-bilegi-destekli-liposuction-korse-ref126\/","title":{"rendered":"AGRAFLI BEL &#8211; AYAK B\u0130LE\u011e\u0130 \/ DESTEKL\u0130 L\u0130POSUCT\u0130ON KORSE REF126"},"content":{"rendered":"","protected":false},"excerpt":{"rendered":"","protected":false},"featured_media":1206,"comment_status":"open","ping_status":"closed","template":"","meta":{"_kad_blocks_custom_css":"","_kad_blocks_head_custom_js":"","_kad_blocks_body_custom_js":"","_kad_blocks_footer_custom_js":"","kt_blocks_editor_width":"","_kad_post_transparent":"","_kad_post_title":"","_kad_post_layout":"","_kad_post_sidebar_id":"","_kad_post_content_style":"","_kad_post_vertical_padding":"","_kad_post_feature":"","_kad_post_feature_position":"","_kad_post_header":false,"_kad_post_footer":false},"product_cat":[104,84,87],"product_tag":[],"featured_image_src_large":["https:\/\/www.medicafix.com\/wp-content\/uploads\/2020\/10\/Girdle_With-Reinforcement_Ankle-Length_Style_No_G105.jpg",800,998,false],"author_info":[],"comment_info":0,"taxonomy_info":{"product_cat":[{"value":104,"label":"Kad\u0131n"},{"value":84,"label":"Korseler"},{"value":87,"label":"Liposuction"}]},"_links":{"self":[{"href":"https:\/\/www.medicafix.com\/tr\/wp-json\/wp\/v2\/product\/1711"}],"collection":[{"href":"https:\/\/www.medicafix.com\/tr\/wp-json\/wp\/v2\/product"}],"about":[{"href":"https:\/\/www.medicafix.com\/tr\/wp-json\/wp\/v2\/types\/product"}],"replies":[{"embeddable":true,"href":"https:\/\/www.medicafix.com\/tr\/wp-json\/wp\/v2\/comments?post=1711"}],"version-history":[{"count":0,"href":"https:\/\/www.medicafix.com\/tr\/wp-json\/wp\/v2\/product\/1711\/revisions"}],"wp:featuredmedia":[{"embeddable":true,"href":"https:\/\/www.medicafix.com\/tr\/wp-json\/wp\/v2\/media\/1206"}],"wp:attachment":[{"href":"https:\/\/www.medicafix.com\/tr\/wp-json\/wp\/v2\/media?parent=1711"}],"wp:term":[{"taxonomy":"product_cat","embeddable":true,"href":"https:\/\/www.medicafix.com\/tr\/wp-json\/wp\/v2\/product_cat?post=1711"},{"taxonomy":"product_tag","embeddable":true,"href":"https:\/\/www.medicafix.com\/tr\/wp-json\/wp\/v2\/product_tag?post=1711"}],"curies":[{"name":"wp","href":"https:\/\/api.w.org\/{rel}","templated":true}]}}