{"id":1504,"date":"2020-10-05T19:41:41","date_gmt":"2021-12-17T10:27:53","guid":{"rendered":"https:\/\/www.medicafix.com\/product\/fermuarli-gogus-kol-sirt-liposuction-korse-ref230\/"},"modified":"2021-12-17T10:27:53","modified_gmt":"2021-12-17T10:27:53","slug":"fermuarli-gogus-kol-sirt-liposuction-korse-ref230","status":"publish","type":"product","link":"https:\/\/www.medicafix.com\/tr\/urun\/fermuarli-gogus-kol-sirt-liposuction-korse-ref230\/","title":{"rendered":"FERMUARLI G\u00d6\u011e\u00dcS &#8211; KOL &#8211; SIRT L\u0130POSUCT\u0130ON KORSE REF230"},"content":{"rendered":"","protected":false},"excerpt":{"rendered":"","protected":false},"featured_media":1253,"comment_status":"open","ping_status":"closed","template":"","meta":{"_kad_blocks_custom_css":"","_kad_blocks_head_custom_js":"","_kad_blocks_body_custom_js":"","_kad_blocks_footer_custom_js":"","kt_blocks_editor_width":"","_kad_post_transparent":"","_kad_post_title":"","_kad_post_layout":"","_kad_post_sidebar_id":"","_kad_post_content_style":"","_kad_post_vertical_padding":"","_kad_post_feature":"","_kad_post_feature_position":"","_kad_post_header":false,"_kad_post_footer":false},"product_cat":[104,87,88],"product_tag":[],"featured_image_src_large":["https:\/\/www.medicafix.com\/wp-content\/uploads\/2020\/10\/Female_Liposuction_Vest_Style_No_G171.jpg",800,998,false],"author_info":[],"comment_info":0,"taxonomy_info":{"product_cat":[{"value":104,"label":"Kad\u0131n"},{"value":87,"label":"Liposuction"},{"value":88,"label":"Tam V\u00fccut Kollu"}]},"_links":{"self":[{"href":"https:\/\/www.medicafix.com\/tr\/wp-json\/wp\/v2\/product\/1504"}],"collection":[{"href":"https:\/\/www.medicafix.com\/tr\/wp-json\/wp\/v2\/product"}],"about":[{"href":"https:\/\/www.medicafix.com\/tr\/wp-json\/wp\/v2\/types\/product"}],"replies":[{"embeddable":true,"href":"https:\/\/www.medicafix.com\/tr\/wp-json\/wp\/v2\/comments?post=1504"}],"version-history":[{"count":0,"href":"https:\/\/www.medicafix.com\/tr\/wp-json\/wp\/v2\/product\/1504\/revisions"}],"wp:featuredmedia":[{"embeddable":true,"href":"https:\/\/www.medicafix.com\/tr\/wp-json\/wp\/v2\/media\/1253"}],"wp:attachment":[{"href":"https:\/\/www.medicafix.com\/tr\/wp-json\/wp\/v2\/media?parent=1504"}],"wp:term":[{"taxonomy":"product_cat","embeddable":true,"href":"https:\/\/www.medicafix.com\/tr\/wp-json\/wp\/v2\/product_cat?post=1504"},{"taxonomy":"product_tag","embeddable":true,"href":"https:\/\/www.medicafix.com\/tr\/wp-json\/wp\/v2\/product_tag?post=1504"}],"curies":[{"name":"wp","href":"https:\/\/api.w.org\/{rel}","templated":true}]}}