{"id":1475,"date":"2020-10-05T20:42:53","date_gmt":"2021-12-17T10:18:17","guid":{"rendered":"https:\/\/www.medicafix.com\/product\/post-operatif-sutyen-agrafli-kemerli-ref231b\/"},"modified":"2021-12-17T10:18:17","modified_gmt":"2021-12-17T10:18:17","slug":"post-operatif-sutyen-agrafli-kemerli-ref231b","status":"publish","type":"product","link":"https:\/\/www.medicafix.com\/tr\/urun\/post-operatif-sutyen-agrafli-kemerli-ref231b\/","title":{"rendered":"POST OPERAT\u0130F S\u00dcTYEN (AGRAFLI-KEMERL\u0130) REF231B"},"content":{"rendered":"","protected":false},"excerpt":{"rendered":"","protected":false},"featured_media":1269,"comment_status":"open","ping_status":"closed","template":"","meta":{"_kad_blocks_custom_css":"","_kad_blocks_head_custom_js":"","_kad_blocks_body_custom_js":"","_kad_blocks_footer_custom_js":"","kt_blocks_editor_width":"","_kad_post_transparent":"","_kad_post_title":"","_kad_post_layout":"","_kad_post_sidebar_id":"","_kad_post_content_style":"","_kad_post_vertical_padding":"","_kad_post_feature":"","_kad_post_feature_position":"","_kad_post_header":false,"_kad_post_footer":false},"product_cat":[104,87,86],"product_tag":[],"featured_image_src_large":["https:\/\/www.medicafix.com\/wp-content\/uploads\/2020\/10\/Surgical_Implant_Stabilizer_Bra_Style_No_G193_1.jpg",800,998,false],"author_info":[],"comment_info":0,"taxonomy_info":{"product_cat":[{"value":104,"label":"Kad\u0131n"},{"value":87,"label":"Liposuction"},{"value":86,"label":"S\u00fctyenler"}]},"_links":{"self":[{"href":"https:\/\/www.medicafix.com\/tr\/wp-json\/wp\/v2\/product\/1475"}],"collection":[{"href":"https:\/\/www.medicafix.com\/tr\/wp-json\/wp\/v2\/product"}],"about":[{"href":"https:\/\/www.medicafix.com\/tr\/wp-json\/wp\/v2\/types\/product"}],"replies":[{"embeddable":true,"href":"https:\/\/www.medicafix.com\/tr\/wp-json\/wp\/v2\/comments?post=1475"}],"version-history":[{"count":0,"href":"https:\/\/www.medicafix.com\/tr\/wp-json\/wp\/v2\/product\/1475\/revisions"}],"wp:featuredmedia":[{"embeddable":true,"href":"https:\/\/www.medicafix.com\/tr\/wp-json\/wp\/v2\/media\/1269"}],"wp:attachment":[{"href":"https:\/\/www.medicafix.com\/tr\/wp-json\/wp\/v2\/media?parent=1475"}],"wp:term":[{"taxonomy":"product_cat","embeddable":true,"href":"https:\/\/www.medicafix.com\/tr\/wp-json\/wp\/v2\/product_cat?post=1475"},{"taxonomy":"product_tag","embeddable":true,"href":"https:\/\/www.medicafix.com\/tr\/wp-json\/wp\/v2\/product_tag?post=1475"}],"curies":[{"name":"wp","href":"https:\/\/api.w.org\/{rel}","templated":true}]}}