{"id":1448,"date":"2020-10-08T15:58:01","date_gmt":"2021-12-17T10:11:36","guid":{"rendered":"https:\/\/www.medicafix.com\/product\/erkek-body-fermuarli-diz-ustu-liposuction-korse-ref242\/"},"modified":"2021-12-17T10:18:08","modified_gmt":"2021-12-17T10:18:08","slug":"erkek-body-fermuarli-diz-ustu-liposuction-korse-ref242","status":"publish","type":"product","link":"https:\/\/www.medicafix.com\/tr\/urun\/erkek-body-fermuarli-diz-ustu-liposuction-korse-ref242\/","title":{"rendered":"Erkek Body Fermuarl\u0131 Diz \u00dcst\u00fc Liposuction Korse REF242"},"content":{"rendered":"","protected":false},"excerpt":{"rendered":"","protected":false},"featured_media":1273,"comment_status":"open","ping_status":"closed","template":"","meta":{"_kad_blocks_custom_css":"","_kad_blocks_head_custom_js":"","_kad_blocks_body_custom_js":"","_kad_blocks_footer_custom_js":"","kt_blocks_editor_width":"","_kad_post_transparent":"","_kad_post_title":"","_kad_post_layout":"","_kad_post_sidebar_id":"","_kad_post_content_style":"","_kad_post_vertical_padding":"","_kad_post_feature":"","_kad_post_feature_position":"","_kad_post_header":false,"_kad_post_footer":false},"product_cat":[82,87],"product_tag":[],"featured_image_src_large":["https:\/\/www.medicafix.com\/wp-content\/uploads\/2020\/10\/Sleeveless_Bodysuit_Style_No_G182_2.jpg",800,998,false],"author_info":[],"comment_info":0,"taxonomy_info":{"product_cat":[{"value":82,"label":"Erkek Korseleri"},{"value":87,"label":"Liposuction"}]},"_links":{"self":[{"href":"https:\/\/www.medicafix.com\/tr\/wp-json\/wp\/v2\/product\/1448"}],"collection":[{"href":"https:\/\/www.medicafix.com\/tr\/wp-json\/wp\/v2\/product"}],"about":[{"href":"https:\/\/www.medicafix.com\/tr\/wp-json\/wp\/v2\/types\/product"}],"replies":[{"embeddable":true,"href":"https:\/\/www.medicafix.com\/tr\/wp-json\/wp\/v2\/comments?post=1448"}],"version-history":[{"count":1,"href":"https:\/\/www.medicafix.com\/tr\/wp-json\/wp\/v2\/product\/1448\/revisions"}],"predecessor-version":[{"id":1453,"href":"https:\/\/www.medicafix.com\/tr\/wp-json\/wp\/v2\/product\/1448\/revisions\/1453"}],"wp:featuredmedia":[{"embeddable":true,"href":"https:\/\/www.medicafix.com\/tr\/wp-json\/wp\/v2\/media\/1273"}],"wp:attachment":[{"href":"https:\/\/www.medicafix.com\/tr\/wp-json\/wp\/v2\/media?parent=1448"}],"wp:term":[{"taxonomy":"product_cat","embeddable":true,"href":"https:\/\/www.medicafix.com\/tr\/wp-json\/wp\/v2\/product_cat?post=1448"},{"taxonomy":"product_tag","embeddable":true,"href":"https:\/\/www.medicafix.com\/tr\/wp-json\/wp\/v2\/product_tag?post=1448"}],"curies":[{"name":"wp","href":"https:\/\/api.w.org\/{rel}","templated":true}]}}