{"id":1435,"date":"2020-10-08T16:03:09","date_gmt":"2021-12-17T10:06:57","guid":{"rendered":"https:\/\/www.medicafix.com\/product\/erkek-fermuarli-kollu-diz-ustu-liposuction-korse-ref243\/"},"modified":"2021-12-17T10:06:57","modified_gmt":"2021-12-17T10:06:57","slug":"erkek-fermuarli-kollu-diz-ustu-liposuction-korse-ref243","status":"publish","type":"product","link":"https:\/\/www.medicafix.com\/tr\/urun\/erkek-fermuarli-kollu-diz-ustu-liposuction-korse-ref243\/","title":{"rendered":"Erkek Fermuarl\u0131 Kollu Diz \u00dcst\u00fc Liposuction Korse REF243"},"content":{"rendered":"","protected":false},"excerpt":{"rendered":"","protected":false},"featured_media":1279,"comment_status":"open","ping_status":"closed","template":"","meta":{"_kad_blocks_custom_css":"","_kad_blocks_head_custom_js":"","_kad_blocks_body_custom_js":"","_kad_blocks_footer_custom_js":"","kt_blocks_editor_width":"","_kad_post_transparent":"","_kad_post_title":"","_kad_post_layout":"","_kad_post_sidebar_id":"","_kad_post_content_style":"","_kad_post_vertical_padding":"","_kad_post_feature":"","_kad_post_feature_position":"","_kad_post_header":false,"_kad_post_footer":false},"product_cat":[81,82,87],"product_tag":[],"featured_image_src_large":["https:\/\/www.medicafix.com\/wp-content\/uploads\/2020\/10\/Short_Sleeve_Bodysuit_Style_No_Ref243_1.jpg",800,998,false],"author_info":[],"comment_info":0,"taxonomy_info":{"product_cat":[{"value":81,"label":"Erkek"},{"value":82,"label":"Erkek Korseleri"},{"value":87,"label":"Liposuction"}]},"_links":{"self":[{"href":"https:\/\/www.medicafix.com\/tr\/wp-json\/wp\/v2\/product\/1435"}],"collection":[{"href":"https:\/\/www.medicafix.com\/tr\/wp-json\/wp\/v2\/product"}],"about":[{"href":"https:\/\/www.medicafix.com\/tr\/wp-json\/wp\/v2\/types\/product"}],"replies":[{"embeddable":true,"href":"https:\/\/www.medicafix.com\/tr\/wp-json\/wp\/v2\/comments?post=1435"}],"version-history":[{"count":0,"href":"https:\/\/www.medicafix.com\/tr\/wp-json\/wp\/v2\/product\/1435\/revisions"}],"wp:featuredmedia":[{"embeddable":true,"href":"https:\/\/www.medicafix.com\/tr\/wp-json\/wp\/v2\/media\/1279"}],"wp:attachment":[{"href":"https:\/\/www.medicafix.com\/tr\/wp-json\/wp\/v2\/media?parent=1435"}],"wp:term":[{"taxonomy":"product_cat","embeddable":true,"href":"https:\/\/www.medicafix.com\/tr\/wp-json\/wp\/v2\/product_cat?post=1435"},{"taxonomy":"product_tag","embeddable":true,"href":"https:\/\/www.medicafix.com\/tr\/wp-json\/wp\/v2\/product_tag?post=1435"}],"curies":[{"name":"wp","href":"https:\/\/api.w.org\/{rel}","templated":true}]}}