{"id":1401,"date":"2020-10-01T13:21:35","date_gmt":"2021-12-10T12:52:30","guid":{"rendered":"https:\/\/www.medicafix.com\/product\/agrafli-kol-liposuction-korse-postur-duzeltici-liposuction-giysisi-stil-nr-ref129\/"},"modified":"2021-12-17T12:09:16","modified_gmt":"2021-12-17T12:09:16","slug":"agrafli-liposuction-korse-postur-duzeltici-liposuction-giysisi-stil-nr-ref129","status":"publish","type":"product","link":"https:\/\/www.medicafix.com\/tr\/urun\/agrafli-liposuction-korse-postur-duzeltici-liposuction-giysisi-stil-nr-ref129\/","title":{"rendered":"AGRAFLI KOL L\u0130POSUCT\u0130ON KORSE &#8211; POST\u00dcR D\u00dcZELT\u0130C\u0130 LIPOSUCTION G\u0130YS\u0130S\u0130 &#8211; ST\u0130L NR. REF129"},"content":{"rendered":"","protected":false},"excerpt":{"rendered":"","protected":false},"featured_media":1201,"comment_status":"open","ping_status":"closed","template":"","meta":{"_kad_blocks_custom_css":"","_kad_blocks_head_custom_js":"","_kad_blocks_body_custom_js":"","_kad_blocks_footer_custom_js":"","kt_blocks_editor_width":"","_kad_post_transparent":"","_kad_post_title":"","_kad_post_layout":"","_kad_post_sidebar_id":"","_kad_post_content_style":"","_kad_post_vertical_padding":"","_kad_post_feature":"","_kad_post_feature_position":"","_kad_post_header":false,"_kad_post_footer":false},"product_cat":[104,87,88],"product_tag":[],"featured_image_src_large":["https:\/\/www.medicafix.com\/wp-content\/uploads\/2020\/10\/Upper_Arm_Compression_Sleeve_Shaper.jpg",800,998,false],"author_info":[],"comment_info":0,"taxonomy_info":{"product_cat":[{"value":104,"label":"Kad\u0131n"},{"value":87,"label":"Liposuction"},{"value":88,"label":"Tam V\u00fccut Kollu"}]},"_links":{"self":[{"href":"https:\/\/www.medicafix.com\/tr\/wp-json\/wp\/v2\/product\/1401"}],"collection":[{"href":"https:\/\/www.medicafix.com\/tr\/wp-json\/wp\/v2\/product"}],"about":[{"href":"https:\/\/www.medicafix.com\/tr\/wp-json\/wp\/v2\/types\/product"}],"replies":[{"embeddable":true,"href":"https:\/\/www.medicafix.com\/tr\/wp-json\/wp\/v2\/comments?post=1401"}],"version-history":[{"count":1,"href":"https:\/\/www.medicafix.com\/tr\/wp-json\/wp\/v2\/product\/1401\/revisions"}],"predecessor-version":[{"id":1412,"href":"https:\/\/www.medicafix.com\/tr\/wp-json\/wp\/v2\/product\/1401\/revisions\/1412"}],"wp:featuredmedia":[{"embeddable":true,"href":"https:\/\/www.medicafix.com\/tr\/wp-json\/wp\/v2\/media\/1201"}],"wp:attachment":[{"href":"https:\/\/www.medicafix.com\/tr\/wp-json\/wp\/v2\/media?parent=1401"}],"wp:term":[{"taxonomy":"product_cat","embeddable":true,"href":"https:\/\/www.medicafix.com\/tr\/wp-json\/wp\/v2\/product_cat?post=1401"},{"taxonomy":"product_tag","embeddable":true,"href":"https:\/\/www.medicafix.com\/tr\/wp-json\/wp\/v2\/product_tag?post=1401"}],"curies":[{"name":"wp","href":"https:\/\/api.w.org\/{rel}","templated":true}]}}